{"id":3,"date":"2025-08-13T11:30:26","date_gmt":"2025-08-13T11:30:26","guid":{"rendered":"http:\/\/hebrejskinauci.me\/?page_id=3"},"modified":"2025-08-23T02:30:21","modified_gmt":"2025-08-23T00:30:21","slug":"politika-privatnosti","status":"publish","type":"page","link":"https:\/\/hebrejskinauci.me\/en\/politika-privatnosti\/","title":{"rendered":"Privacy Policy"},"content":{"rendered":"\t\t<div data-elementor-type=\"wp-page\" data-elementor-id=\"3\" class=\"elementor elementor-3\">\n\t\t\t\t<div class=\"wd-negative-gap elementor-element elementor-element-82601c0 e-flex e-con-boxed e-con e-parent\" data-id=\"82601c0\" data-element_type=\"container\" data-e-type=\"container\">\n\t\t\t\t\t<div class=\"e-con-inner\">\n\t\t\t\t<div class=\"elementor-element elementor-element-5feb451 elementor-widget elementor-widget-wd_text_block\" data-id=\"5feb451\" data-element_type=\"widget\" data-e-type=\"widget\" data-widget_type=\"wd_text_block.default\">\n\t\t\t\t<div class=\"elementor-widget-container\">\n\t\t\t\t\t\t\t<div class=\"wd-text-block reset-last-child text-left\">\n\t\t\t\n\t\t\t<article class=\"text-token-text-primary w-full focus:outline-none scroll-mt-[calc(var(--header-height)+min(200px,max(70px,20svh)))]\" dir=\"auto\" tabindex=\"-1\" data-turn-id=\"request-68a3d3e8-6940-8331-ab08-a46f0f6c903a-33\" data-testid=\"conversation-turn-184\" data-scroll-anchor=\"true\" data-turn=\"assistant\">\n<div class=\"text-base my-auto mx-auto pb-10 [--thread-content-margin:--spacing(4)] @[37rem]:[--thread-content-margin:--spacing(6)] @[72rem]:[--thread-content-margin:--spacing(16)] px-(--thread-content-margin)\">\n<div class=\"[--thread-content-max-width:32rem] @[34rem]:[--thread-content-max-width:40rem] @[64rem]:[--thread-content-max-width:48rem] mx-auto max-w-(--thread-content-max-width) flex-1 group\/turn-messages focus-visible:outline-hidden relative flex w-full min-w-0 flex-col agent-turn\" tabindex=\"-1\">\n<div class=\"flex max-w-full flex-col grow\">\n<div class=\"min-h-8 text-message relative flex w-full flex-col items-end gap-2 text-start break-words whitespace-normal [.text-message+&amp;]:mt-5\" dir=\"auto\" data-message-author-role=\"assistant\" data-message-id=\"8cda1462-2e56-461a-b1ee-094c02120b8f\" data-message-model-slug=\"gpt-5\">\n<div class=\"flex w-full flex-col gap-1 empty:hidden first:pt-[3px]\">\n<div class=\"markdown prose dark:prose-invert w-full break-words light markdown-new-styling\">\n<h1 data-start=\"224\" data-end=\"248\">Politika privatnosti<\/h1>\n<h2 data-start=\"250\" data-end=\"262\">1. Uvod<\/h2>\n<p data-start=\"263\" data-end=\"482\">Ova Politika privatnosti obja\u0161njava kako prikupljamo, koristimo i \u010duvamo va\u0161e li\u010dne podatke kada koristite na\u0161u web stranicu i usluge.<br data-start=\"397\" data-end=\"400\" \/>Kori\u0161\u0107enjem na\u0161e stranice prihvatate uslove opisane u ovoj Politici privatnosti.<\/p>\n<h2 data-start=\"484\" data-end=\"515\">2. Podaci koje prikupljamo<\/h2>\n<p data-start=\"516\" data-end=\"608\">Prikupljamo samo one podatke koji su potrebni za obradu va\u0161e narud\u017ebine i pru\u017eanje usluga:<\/p>\n<ul data-start=\"609\" data-end=\"750\">\n<li data-start=\"609\" data-end=\"626\">\n<p data-start=\"611\" data-end=\"626\">Ime i prezime<\/p>\n<\/li>\n<li data-start=\"627\" data-end=\"649\">\n<p data-start=\"629\" data-end=\"649\">Adresu za isporuku<\/p>\n<\/li>\n<li data-start=\"650\" data-end=\"683\">\n<p data-start=\"652\" data-end=\"683\">E-mail adresu i broj telefona<\/p>\n<\/li>\n<li data-start=\"684\" data-end=\"750\">\n<p data-start=\"686\" data-end=\"750\">Informacije o izvr\u0161enoj uplati (dokaz o uplati koji dostavite)<\/p>\n<\/li>\n<\/ul>\n<h2 data-start=\"752\" data-end=\"785\">3. Na\u010din kori\u0161\u0107enja podataka<\/h2>\n<p data-start=\"786\" data-end=\"825\">Va\u0161e podatke koristimo isklju\u010divo za:<\/p>\n<ul data-start=\"826\" data-end=\"966\">\n<li data-start=\"826\" data-end=\"859\">\n<p data-start=\"828\" data-end=\"859\">obradu i isporuku narud\u017ebina,<\/p>\n<\/li>\n<li data-start=\"860\" data-end=\"904\">\n<p data-start=\"862\" data-end=\"904\">pru\u017eanje pristupa online \u010ditanju knjiga,<\/p>\n<\/li>\n<li data-start=\"905\" data-end=\"966\">\n<p data-start=\"907\" data-end=\"966\">komunikaciju u vezi sa porud\u017ebinom, dostavom i pla\u0107anjem.<\/p>\n<\/li>\n<\/ul>\n<h2 data-start=\"968\" data-end=\"1004\">4. \u010cuvanje i sigurnost podataka<\/h2>\n<p data-start=\"1005\" data-end=\"1188\">Va\u0161i podaci se \u010duvaju na siguran na\u010din i ne\u0107e biti dostupni tre\u0107im licima, osim u slu\u010dajevima kada je to zakonski obavezno ili neophodno za dostavu po\u0161iljke (po\u0161ta\/kurirske slu\u017ebe).<\/p>\n<h2 data-start=\"1190\" data-end=\"1217\">5. Dijeljenje podataka<\/h2>\n<p data-start=\"1218\" data-end=\"1335\">Va\u0161i li\u010dni podaci ne\u0107e biti prodavani, iznajmljivani ili na drugi na\u010din ustupani tre\u0107im licima u marketin\u0161ke svrhe.<\/p>\n<h2 data-start=\"1337\" data-end=\"1363\">6. Cookies (kola\u010di\u0107i)<\/h2>\n<p data-start=\"1364\" data-end=\"1520\">Na\u0161a stranica mo\u017ee koristiti kola\u010di\u0107e radi boljeg korisni\u010dkog iskustva i analize posjeta.<br data-start=\"1453\" data-end=\"1456\" \/>Mo\u017eete onemogu\u0107iti kola\u010di\u0107e u pode\u0161avanjima svog pretra\u017eiva\u010da.<\/p>\n<h2 data-start=\"1522\" data-end=\"1545\">7. Prava korisnika<\/h2>\n<p data-start=\"1546\" data-end=\"1581\">Imate pravo da u svakom trenutku:<\/p>\n<ul data-start=\"1582\" data-end=\"1718\">\n<li data-start=\"1582\" data-end=\"1617\">\n<p data-start=\"1584\" data-end=\"1617\">zatra\u017eite uvid u svoje podatke,<\/p>\n<\/li>\n<li data-start=\"1618\" data-end=\"1659\">\n<p data-start=\"1620\" data-end=\"1659\">zatra\u017eite ispravku neta\u010dnih podataka,<\/p>\n<\/li>\n<li data-start=\"1660\" data-end=\"1718\">\n<p data-start=\"1662\" data-end=\"1718\">zatra\u017eite brisanje svojih podataka iz na\u0161e evidencije.<\/p>\n<\/li>\n<\/ul>\n<h2 data-start=\"1720\" data-end=\"1735\">8. Kontakt<\/h2>\n<p data-start=\"1736\" data-end=\"1896\">Za sva pitanja ili zahtjeve u vezi sa va\u0161im li\u010dnim podacima, mo\u017eete nam se obratiti putem:<br data-start=\"1826\" data-end=\"1829\" \/>\ud83d\udce7 E-mail: ebook@hebrejskinauci.me<br data-start=\"1856\" data-end=\"1859\" \/>\ud83d\udcde Telefon: +38267544714<\/p>\n<hr data-start=\"1898\" data-end=\"1903\" \/>\n<p data-start=\"1905\" data-end=\"2013\" data-is-last-node=\"\" data-is-only-node=\"\">\u00a0<\/p>\n<\/div>\n<\/div>\n<\/div>\n<\/div>\n<div class=\"flex min-h-[46px] justify-start\">\u00a0<\/div>\n<div class=\"mt-3 w-full empty:hidden\">\n<div class=\"text-center\">\u00a0<\/div>\n<\/div>\n<\/div>\n<\/div>\n<\/article>\n<div class=\"pointer-events-none h-px w-px\" aria-hidden=\"true\" data-edge=\"true\">\u00a0<\/div>\n\n\t\t\t\t\t<\/div>\n\t\t\t\t\t\t<\/div>\n\t\t\t\t<\/div>\n\t\t\t\t\t<\/div>\n\t\t\t\t<\/div>\n\t\t\t\t<\/div>\n\t\t","protected":false},"excerpt":{"rendered":"<p>Politika privatnosti 1. Uvod Ova Politika privatnosti obja\u0161njava kako prikupljamo, koristimo i \u010duvamo va\u0161e li\u010dne podatke kada koristite na\u0161u web<\/p>","protected":false},"author":1,"featured_media":0,"parent":0,"menu_order":0,"comment_status":"closed","ping_status":"closed","template":"","meta":{"om_disable_all_campaigns":false,"_monsterinsights_skip_tracking":false,"_monsterinsights_sitenote_active":false,"_monsterinsights_sitenote_note":"","_monsterinsights_sitenote_category":0,"footnotes":""},"class_list":["post-3","page","type-page","status-publish","hentry"],"aioseo_notices":[],"_hostinger_reach_plugin_has_subscription_block":false,"_hostinger_reach_plugin_is_elementor":false,"_links":{"self":[{"href":"https:\/\/hebrejskinauci.me\/en\/wp-json\/wp\/v2\/pages\/3","targetHints":{"allow":["GET"]}}],"collection":[{"href":"https:\/\/hebrejskinauci.me\/en\/wp-json\/wp\/v2\/pages"}],"about":[{"href":"https:\/\/hebrejskinauci.me\/en\/wp-json\/wp\/v2\/types\/page"}],"author":[{"embeddable":true,"href":"https:\/\/hebrejskinauci.me\/en\/wp-json\/wp\/v2\/users\/1"}],"replies":[{"embeddable":true,"href":"https:\/\/hebrejskinauci.me\/en\/wp-json\/wp\/v2\/comments?post=3"}],"version-history":[{"count":4,"href":"https:\/\/hebrejskinauci.me\/en\/wp-json\/wp\/v2\/pages\/3\/revisions"}],"predecessor-version":[{"id":29599,"href":"https:\/\/hebrejskinauci.me\/en\/wp-json\/wp\/v2\/pages\/3\/revisions\/29599"}],"wp:attachment":[{"href":"https:\/\/hebrejskinauci.me\/en\/wp-json\/wp\/v2\/media?parent=3"}],"curies":[{"name":"wp","href":"https:\/\/api.w.org\/{rel}","templated":true}]}}