{"id":4400,"date":"2021-10-12T15:51:09","date_gmt":"2021-10-12T15:51:09","guid":{"rendered":"http:\/\/dummy.xtemos.com\/woodmart2\/elementor\/?page_id=4400"},"modified":"2025-09-15T10:39:29","modified_gmt":"2025-09-15T08:39:29","slug":"about-us-3","status":"publish","type":"page","link":"https:\/\/hebrejskinauci.me\/he\/about-us-3\/","title":{"rendered":"\u05d0\u05d5\u05d3\u05d5\u05ea \u05d4\u05de\u05d7\u05d1\u05e8"},"content":{"rendered":"<div data-elementor-type=\"wp-page\" data-elementor-id=\"4400\" class=\"elementor elementor-4400\">\n\t\t\t\t<div class=\"wd-negative-gap elementor-element elementor-element-2aefc4a e-flex e-con-boxed e-con e-parent\" data-id=\"2aefc4a\" data-element_type=\"container\" data-e-type=\"container\">\n\t\t\t\t\t<div class=\"e-con-inner\">\n\t\t<div class=\"elementor-element elementor-element-d6aee9c e-con-full e-flex e-con e-child\" data-id=\"d6aee9c\" data-element_type=\"container\" data-e-type=\"container\">\n\t\t\t\t<div class=\"elementor-element elementor-element-3fa3fe8 elementor-widget elementor-widget-wd_image_or_svg\" data-id=\"3fa3fe8\" data-element_type=\"widget\" data-e-type=\"widget\" data-widget_type=\"wd_image_or_svg.default\">\n\t\t\t\t<div class=\"elementor-widget-container\">\n\t\t\t\t\t\n\t\t<div class=\"wd-image text-left\">\n\t\t\t\t\t\t\t\t<img loading=\"lazy\" decoding=\"async\" width=\"500\" height=\"500\" src=\"https:\/\/hebrejskinauci.me\/wp-content\/uploads\/2025\/09\/Kreiramo-otisak-ostavljamo-utisak.png\" class=\"attachment-full size-full\" alt=\"\" srcset=\"https:\/\/hebrejskinauci.me\/wp-content\/uploads\/2025\/09\/Kreiramo-otisak-ostavljamo-utisak.png 500w, https:\/\/hebrejskinauci.me\/wp-content\/uploads\/2025\/09\/Kreiramo-otisak-ostavljamo-utisak-300x300.png 300w, https:\/\/hebrejskinauci.me\/wp-content\/uploads\/2025\/09\/Kreiramo-otisak-ostavljamo-utisak-150x150.png 150w, https:\/\/hebrejskinauci.me\/wp-content\/uploads\/2025\/09\/Kreiramo-otisak-ostavljamo-utisak-12x12.png 12w, https:\/\/hebrejskinauci.me\/wp-content\/uploads\/2025\/09\/Kreiramo-otisak-ostavljamo-utisak-430x430.png 430w\" sizes=\"auto, (max-width: 500px) 100vw, 500px\" \/>\t\t\t\t\t<\/div>\n\n\t\t\t\t\t\t<\/div>\n\t\t\t\t<\/div>\n\t\t\t\t<\/div>\n\t\t<div class=\"elementor-element elementor-element-3a6cad8 e-con-full e-flex e-con e-child\" data-id=\"3a6cad8\" data-element_type=\"container\" data-e-type=\"container\">\n\t\t\t\t<div class=\"elementor-element elementor-element-66e47ad elementor-widget elementor-widget-wd_text_block\" data-id=\"66e47ad\" data-element_type=\"widget\" data-e-type=\"widget\" data-widget_type=\"wd_text_block.default\">\n\t\t\t\t<div class=\"elementor-widget-container\">\n\t\t\t\t\t\t\t<div class=\"wd-text-block reset-last-child text-left\">\n\t\t\t\n\t\t\t<p data-start=\"255\" data-end=\"719\">Moje ime je <strong data-start=\"267\" data-end=\"291\">Marjan Jun\u010daj \u2013 Bobo<\/strong> i autor sam knjiga <em data-start=\"311\" data-end=\"328\">\u05dc\u05de\u05d3 \u05e2\u05d1\u05e8\u05d9\u05ea<\/em> \u05d5 <em data-start=\"331\" data-end=\"360\">\u05d3\u05e7\u05d3\u05d5\u05e7 \u05d4\u05e9\u05e4\u05d4 \u05d4\u05e2\u05d1\u05e8\u05d9\u05ea<\/em>. Putovanje u Izrael za mene nije bilo samo obi\u010dan odlazak u drugu zemlju \u2013 bila je to \u017eivotna prekretnica. Tamo sam \u017eivio i radio, i svakodnevno otkrivao zemlju koja me o\u010darala spojem bogate istorije, drevnih tradicija i savremenog na\u010dina \u017eivota. Ulice, ljudi, obi\u010daji i jezik \u2013 sve me to inspirisalo da se jo\u0161 dublje pove\u017eem i odlu\u010dim da nau\u010dim hebrejski.<\/p><p data-start=\"721\" data-end=\"1030\">U Izraelu me fasciniralo kako pro\u0161lost \u017eivi u sada\u0161njosti \u2013 kako se kultura i obi\u010daji pa\u017eljivo njeguju, dok moderno dru\u0161tvo kora\u010da sna\u017enim korakom naprijed. Svaki razgovor koji sam vodio, svaki obi\u010daj kojem sam svjedo\u010dio, u\u010dinio je da osje\u0107am dublju povezanost s tim narodom i njihovim na\u010dinom razmi\u0161ljanja.<\/p><p data-start=\"1032\" data-end=\"1333\">\u00a0<\/p>\n\t\t\t\t\t<\/div>\n\t\t\t\t\t\t<\/div>\n\t\t\t\t<\/div>\n\t\t\t\t<div class=\"elementor-element elementor-element-a105479 elementor-widget elementor-widget-wd_text_block\" data-id=\"a105479\" data-element_type=\"widget\" data-e-type=\"widget\" data-widget_type=\"wd_text_block.default\">\n\t\t\t\t<div class=\"elementor-widget-container\">\n\t\t\t\t\t\t\t<div class=\"wd-text-block reset-last-child text-left\">\n\t\t\t\n\t\t\t<p data-start=\"255\" data-end=\"719\">U\u010denje hebrejskog za mene nije bilo samo savladavanje novih rije\u010di. Bio je to prozor u jedan poseban svijet \u2013 svijet u kojem jezik otkriva kulturu, istoriju i duh ljudi. \u0160to sam ga vi\u0161e u\u010dio, to sam jasnije shvatao da hebrejski nije samo komunikacija, ve\u0107 i most koji povezuje pro\u0161lost i sada\u0161njost.<\/p>\n\t\t\t\t\t<\/div>\n\t\t\t\t\t\t<\/div>\n\t\t\t\t<\/div>\n\t\t\t\t<\/div>\n\t\t<div class=\"elementor-element elementor-element-e245341 e-con-full e-flex e-con e-child\" data-id=\"e245341\" data-element_type=\"container\" data-e-type=\"container\">\n\t\t\t\t<div class=\"elementor-element elementor-element-98d830b wd-width-100 elementor-widget elementor-widget-wd_title\" data-id=\"98d830b\" data-element_type=\"widget\" data-e-type=\"widget\" data-widget_type=\"wd_title.default\">\n\t\t\t\t<div class=\"elementor-widget-container\">\n\t\t\t\t\t\t\t<div class=\"title-wrapper wd-set-mb reset-last-child wd-title-color-primary wd-title-style-default wd-title-size-large text-center\">\n\n\t\t\t\t\t\t\t\t\t\t\t<div class=\"title-subtitle subtitle-color-primary subtitle-style-default wd-fontsize-xs\">\n\t\t\t\t\tKako je Izrael postao moja inspiracija i motivacija da stvorim knjige koje danas dr\u017eite u rukama\t\t\t\t<\/div>\n\t\t\t\n\t\t\t<div class=\"liner-continer\">\n\t\t\t\t<h2 class=\"woodmart-title-container title wd-fontsize-xxl\">Put mog susreta sa hebrejskim jezikom<\/h2> \n\t\t\t\t\t\t\t<\/div>\n\n\t\t\t\t\t<\/div>\n\t\t\t\t\t\t<\/div>\n\t\t\t\t<\/div>\n\t\t\t\t<\/div>\n\t\t<div class=\"elementor-element elementor-element-40fbc82 e-con-full e-flex e-con e-child\" data-id=\"40fbc82\" data-element_type=\"container\" data-e-type=\"container\">\n\t\t\t\t<div class=\"elementor-element elementor-element-74fc68d elementor-widget elementor-widget-wd_text_block\" data-id=\"74fc68d\" data-element_type=\"widget\" data-e-type=\"widget\" data-widget_type=\"wd_text_block.default\">\n\t\t\t\t<div class=\"elementor-widget-container\">\n\t\t\t\t\t\t\t<div class=\"wd-text-block reset-last-child text-left\">\n\t\t\t\n\t\t\t<p>Iz te \u017eelje da podijelim svoje iskustvo i znanje, nastale su knjige koje sada nudim vama. Pisane su jednostavno, razumljivo i prilago\u0111ene na\u0161em govornom podru\u010dju, sa mno\u0161tvom primjera iz svakodnevnog \u017eivota. Moj cilj je da svako ko ih uzme u ruke osjeti da hebrejski mo\u017ee da bude blizak, dostupan i \u2013 most ka novim iskustvima<\/p>\n\t\t\t\t\t<\/div>\n\t\t\t\t\t\t<\/div>\n\t\t\t\t<\/div>\n\t\t\t\t<\/div>\n\t\t\t\t\t<\/div>\n\t\t\t\t<\/div>\n\t\t\t\t<\/div>","protected":false},"excerpt":{"rendered":"<p>Moje ime je Marjan Jun\u010daj \u2013 Bobo i autor sam knjiga Nau\u010di hebrejski i Gramatika hebrejskog jezika. Putovanje u Izrael<\/p>","protected":false},"author":1,"featured_media":0,"parent":0,"menu_order":0,"comment_status":"closed","ping_status":"closed","template":"","meta":{"om_disable_all_campaigns":false,"_monsterinsights_skip_tracking":false,"_monsterinsights_sitenote_active":false,"_monsterinsights_sitenote_note":"","_monsterinsights_sitenote_category":0,"footnotes":""},"class_list":["post-4400","page","type-page","status-publish","hentry"],"aioseo_notices":[],"_hostinger_reach_plugin_has_subscription_block":false,"_hostinger_reach_plugin_is_elementor":false,"_links":{"self":[{"href":"https:\/\/hebrejskinauci.me\/he\/wp-json\/wp\/v2\/pages\/4400","targetHints":{"allow":["GET"]}}],"collection":[{"href":"https:\/\/hebrejskinauci.me\/he\/wp-json\/wp\/v2\/pages"}],"about":[{"href":"https:\/\/hebrejskinauci.me\/he\/wp-json\/wp\/v2\/types\/page"}],"author":[{"embeddable":true,"href":"https:\/\/hebrejskinauci.me\/he\/wp-json\/wp\/v2\/users\/1"}],"replies":[{"embeddable":true,"href":"https:\/\/hebrejskinauci.me\/he\/wp-json\/wp\/v2\/comments?post=4400"}],"version-history":[{"count":15,"href":"https:\/\/hebrejskinauci.me\/he\/wp-json\/wp\/v2\/pages\/4400\/revisions"}],"predecessor-version":[{"id":29699,"href":"https:\/\/hebrejskinauci.me\/he\/wp-json\/wp\/v2\/pages\/4400\/revisions\/29699"}],"wp:attachment":[{"href":"https:\/\/hebrejskinauci.me\/he\/wp-json\/wp\/v2\/media?parent=4400"}],"curies":[{"name":"wp","href":"https:\/\/api.w.org\/{rel}","templated":true}]}}